{"id":8,"date":"2020-02-12T14:56:14","date_gmt":"2020-02-12T14:56:14","guid":{"rendered":"http:\/\/pikole.fi\/?page_id=8"},"modified":"2020-03-14T12:48:47","modified_gmt":"2020-03-14T10:48:47","slug":"home","status":"publish","type":"page","link":"https:\/\/pikole.fi\/","title":{"rendered":"Pikol\u00e9"},"content":{"rendered":"\n<p>Pikol\u00e9 <\/p>\n\n\n\n<p>Pikol\u00e9 tarjoaa kiireett\u00f6m\u00e4ss\u00e4 ymp\u00e4rist\u00f6ss\u00e4 rentoutushoitoja yhdistellen asiakkaan toiveiden mukaan vy\u00f6hyketerapian, kiinalaisen l\u00e4\u00e4ketieteen, shiatsun ja kuumakivihoidon menetelmi\u00e4 sek\u00e4 rentouttavaa musiikkia, \u00e4\u00e4nimaljoja ja rummutusta. Rentoutushoitojen tueksi on tarjolla Relain- magneettiterapiaa, korva-akupunktiota, homeopatiaa ja Bach- ja Frantsilan kukkatippoja.<\/p>\n\n\n\n<p>Hoitotila sijaitsee aivan Joensuun keskustassa torin laidalla keskuskujan yritysaseman toisessa kerroksessa osoitteessa Kauppakatu 23 A.<\/p>\n\n\n\n<p><strong>Uutta: et\u00e4energiahoito!<\/strong><\/p>\n\n\n\n<p>Nyt saat tilattua et\u00e4energiahoidon helposti kotisivujen kautta ja voit vastaanottaa hoidon kotona tai muussa sopivassa paikassa.<br><br> Mit\u00e4 Energiahoito on<br> Energiahoito on ikivanha luontaishoitamisen muoto.<br><br> Hoitajat<br> Energiahoidon v\u00e4litt\u00e4v\u00e4t energiahoitaja Mape Toivanen yhdess\u00e4 Pikol\u00e9n yritt\u00e4j\u00e4n Pirjo Korhosen kanssa .  Mape Toivanen on saanut hoitavan energian v\u00e4litt\u00e4misen kyvyn synnyinlahjanaan.  <br>Pirjo Korhonen on opiskellut usean vuoden ajan Healing- ja Trance Healing \u2013 hoitamista Suomessa ja Englannissa.<br><br> Hoidon vastaanottaminen<br> Voit vastaanottaa energiahoidon valitsemanasi ajankohtana. Pyri valitsemaan hoidolle sellainen aika, jolloin voit rentoutua ja keskitty\u00e4 hoidon vastaanottamiseen ilman h\u00e4iri\u00f6tekij\u00f6it\u00e4. Voit halutessasi l\u00e4hett\u00e4\u00e4 palautetta hoidosta info- lomakkeen kautta.<br><br> Hoidon tilaaminen<br> Ilmoita yhteystietosi  info-lomakkeen v\u00e4lityksell\u00e4 ja kerro mihin tarkoitukseen haluat energiahoitoa. L\u00e4het\u00e4mme sinulle laskun s\u00e4hk\u00f6postilla. L\u00e4het\u00e4 meille kuitti maksusta ja ilmoita samalla ajankohta milloin haluat vastaanottaa energiahoidon.<br><br> Hoidon hinta 125 \u20ac, sis\u00e4lt\u00e4\u00e4 alv 24 %<\/p>\n\n\n\n<p><br><\/p>\n","protected":false},"excerpt":{"rendered":"<p>Pikol\u00e9 Pikol\u00e9 tarjoaa kiireett\u00f6m\u00e4ss\u00e4 ymp\u00e4rist\u00f6ss\u00e4 rentoutushoitoja yhdistellen asiakkaan toiveiden mukaan vy\u00f6hyketerapian, kiinalaisen l\u00e4\u00e4ketieteen, shiatsun ja kuumakivihoidon menetelmi\u00e4 sek\u00e4 rentouttavaa musiikkia, \u00e4\u00e4nimaljoja ja rummutusta. Rentoutushoitojen tueksi on tarjolla Relain- magneettiterapiaa, korva-akupunktiota, homeopatiaa ja Bach- ja Frantsilan kukkatippoja. Hoitotila sijaitsee aivan Joensuun keskustassa torin laidalla keskuskujan yritysaseman toisessa kerroksessa osoitteessa Kauppakatu 23 A. Uutta: et\u00e4energiahoito! Nyt saat &hellip; <\/p>\n<p class=\"link-more\"><a href=\"https:\/\/pikole.fi\/\" class=\"more-link\">Continue reading<span class=\"screen-reader-text\"> &#8220;Pikol\u00e9&#8221;<\/span><\/a><\/p>\n","protected":false},"author":1,"featured_media":65,"parent":0,"menu_order":0,"comment_status":"closed","ping_status":"closed","template":"","meta":[],"yoast_head":"<!-- This site is optimized with the Yoast SEO plugin v15.3 - https:\/\/yoast.com\/wordpress\/plugins\/seo\/ -->\n<title>Pikol\u00e9 - Pikol\u00e9<\/title>\n<meta name=\"description\" content=\"Rentoutushoitoja, vy\u00f6hyketerapiaa, kiinalaisen l\u00e4\u00e4ketieteen, shiatsun ja kuumakivihoidon menetelmi\u00e4 sek\u00e4 rentouttavaa musiikkia, \u00e4\u00e4nimaljoja ja rummutusta. Magneettiterapiaa, korva-akupunktiota, homeopatiaa ja Bach- ja Frantsilan kukkatippoja.\" \/>\n<meta name=\"robots\" content=\"index, follow, max-snippet:-1, max-image-preview:large, max-video-preview:-1\" \/>\n<link rel=\"canonical\" href=\"https:\/\/pikole.fi\/\" \/>\n<meta property=\"og:locale\" content=\"en_US\" \/>\n<meta property=\"og:type\" content=\"article\" \/>\n<meta property=\"og:title\" content=\"Pikol\u00e9 - Pikol\u00e9\" \/>\n<meta property=\"og:description\" content=\"Rentoutushoitoja, vy\u00f6hyketerapiaa, kiinalaisen l\u00e4\u00e4ketieteen, shiatsun ja kuumakivihoidon menetelmi\u00e4 sek\u00e4 rentouttavaa musiikkia, \u00e4\u00e4nimaljoja ja rummutusta. Magneettiterapiaa, korva-akupunktiota, homeopatiaa ja Bach- ja Frantsilan kukkatippoja.\" \/>\n<meta property=\"og:url\" content=\"https:\/\/pikole.fi\/\" \/>\n<meta property=\"og:site_name\" content=\"Pikol\u00e9\" \/>\n<meta property=\"article:publisher\" content=\"https:\/\/www.facebook.com\/354365266717\/\" \/>\n<meta property=\"article:modified_time\" content=\"2020-03-14T10:48:47+00:00\" \/>\n<meta property=\"og:image\" content=\"https:\/\/pikole.fi\/wp-content\/uploads\/2020\/02\/Canva-Black-Stackable-Stone-Decor-at-the-Body-of-Water-scaled.jpg\" \/>\n\t<meta property=\"og:image:width\" content=\"2560\" \/>\n\t<meta property=\"og:image:height\" content=\"1707\" \/>\n<meta name=\"twitter:card\" content=\"summary_large_image\" \/>\n<meta name=\"twitter:label1\" content=\"Written by\">\n\t<meta name=\"twitter:data1\" content=\"Pikole_WP\">\n\t<meta name=\"twitter:label2\" content=\"Est. reading time\">\n\t<meta name=\"twitter:data2\" content=\"1 minute\">\n<script type=\"application\/ld+json\" class=\"yoast-schema-graph\">{\"@context\":\"https:\/\/schema.org\",\"@graph\":[{\"@type\":\"Organization\",\"@id\":\"https:\/\/pikole.fi\/#organization\",\"name\":\"Pikole\",\"url\":\"https:\/\/pikole.fi\/\",\"sameAs\":[\"https:\/\/www.facebook.com\/354365266717\/\"],\"logo\":{\"@type\":\"ImageObject\",\"@id\":\"https:\/\/pikole.fi\/#logo\",\"inLanguage\":\"en-US\",\"url\":\"https:\/\/pikole.fi\/wp-content\/uploads\/2020\/02\/favicon.ico\",\"width\":16,\"height\":16,\"caption\":\"Pikole\"},\"image\":{\"@id\":\"https:\/\/pikole.fi\/#logo\"}},{\"@type\":\"WebSite\",\"@id\":\"https:\/\/pikole.fi\/#website\",\"url\":\"https:\/\/pikole.fi\/\",\"name\":\"Pikol\\u00e9\",\"description\":\"Hyvinvointipalveluja Joensuussa\",\"publisher\":{\"@id\":\"https:\/\/pikole.fi\/#organization\"},\"potentialAction\":[{\"@type\":\"SearchAction\",\"target\":\"https:\/\/pikole.fi\/?s={search_term_string}\",\"query-input\":\"required name=search_term_string\"}],\"inLanguage\":\"en-US\"},{\"@type\":\"ImageObject\",\"@id\":\"https:\/\/pikole.fi\/#primaryimage\",\"inLanguage\":\"en-US\",\"url\":\"https:\/\/pikole.fi\/wp-content\/uploads\/2020\/02\/Canva-Black-Stackable-Stone-Decor-at-the-Body-of-Water-scaled.jpg\",\"width\":2560,\"height\":1707},{\"@type\":\"WebPage\",\"@id\":\"https:\/\/pikole.fi\/#webpage\",\"url\":\"https:\/\/pikole.fi\/\",\"name\":\"Pikol\\u00e9 - Pikol\\u00e9\",\"isPartOf\":{\"@id\":\"https:\/\/pikole.fi\/#website\"},\"primaryImageOfPage\":{\"@id\":\"https:\/\/pikole.fi\/#primaryimage\"},\"datePublished\":\"2020-02-12T14:56:14+00:00\",\"dateModified\":\"2020-03-14T10:48:47+00:00\",\"description\":\"Rentoutushoitoja, vy\\u00f6hyketerapiaa, kiinalaisen l\\u00e4\\u00e4ketieteen, shiatsun ja kuumakivihoidon menetelmi\\u00e4 sek\\u00e4 rentouttavaa musiikkia, \\u00e4\\u00e4nimaljoja ja rummutusta. Magneettiterapiaa, korva-akupunktiota, homeopatiaa ja Bach- ja Frantsilan kukkatippoja.\",\"inLanguage\":\"en-US\",\"potentialAction\":[{\"@type\":\"ReadAction\",\"target\":[\"https:\/\/pikole.fi\/\"]}]}]}<\/script>\n<!-- \/ Yoast SEO plugin. -->","_links":{"self":[{"href":"https:\/\/pikole.fi\/index.php\/wp-json\/wp\/v2\/pages\/8"}],"collection":[{"href":"https:\/\/pikole.fi\/index.php\/wp-json\/wp\/v2\/pages"}],"about":[{"href":"https:\/\/pikole.fi\/index.php\/wp-json\/wp\/v2\/types\/page"}],"author":[{"embeddable":true,"href":"https:\/\/pikole.fi\/index.php\/wp-json\/wp\/v2\/users\/1"}],"replies":[{"embeddable":true,"href":"https:\/\/pikole.fi\/index.php\/wp-json\/wp\/v2\/comments?post=8"}],"version-history":[{"count":6,"href":"https:\/\/pikole.fi\/index.php\/wp-json\/wp\/v2\/pages\/8\/revisions"}],"predecessor-version":[{"id":103,"href":"https:\/\/pikole.fi\/index.php\/wp-json\/wp\/v2\/pages\/8\/revisions\/103"}],"wp:featuredmedia":[{"embeddable":true,"href":"https:\/\/pikole.fi\/index.php\/wp-json\/wp\/v2\/media\/65"}],"wp:attachment":[{"href":"https:\/\/pikole.fi\/index.php\/wp-json\/wp\/v2\/media?parent=8"}],"curies":[{"name":"wp","href":"https:\/\/api.w.org\/{rel}","templated":true}]}}