{"id":12,"date":"2020-02-12T14:56:22","date_gmt":"2020-02-12T14:56:22","guid":{"rendered":"http:\/\/pikole.fi\/?page_id=12"},"modified":"2020-03-14T13:01:18","modified_gmt":"2020-03-14T11:01:18","slug":"a-homepage-section","status":"publish","type":"page","link":"https:\/\/pikole.fi\/index.php\/a-homepage-section\/","title":{"rendered":"Hinnasto"},"content":{"rendered":"\n<p>Rentotushoidot 40\u20ac\/h<\/p>\n\n\n\n<p>Korva-akupunktio 20\u20ac \/ kerta<\/p>\n\n\n\n<p>Korva-akupunktio 150\u20ac \/ 10 kerran sarja<\/p>\n\n\n\n<p>Relain -hoito 20\u20ac \/ 20 min<\/p>\n\n\n\n<p>Hoitojen hintaan sis\u00e4ltyy alv 24 %<br>Maksutapa k\u00e4teinen tai lasku.<br><br>Pikol\u00e9 <br>Y-tunnus 2302096-0<br>EU VAT reg. FI23020960<\/p>\n\n\n\n<p> <\/p>\n\n\n\n<p><\/p>\n\n\n\n<p><\/p>\n","protected":false},"excerpt":{"rendered":"<p>Rentotushoidot 40\u20ac\/h Korva-akupunktio 20\u20ac \/ kerta Korva-akupunktio 150\u20ac \/ 10 kerran sarja Relain -hoito 20\u20ac \/ 20 min Hoitojen hintaan sis\u00e4ltyy alv 24 %Maksutapa k\u00e4teinen tai lasku. Pikol\u00e9 Y-tunnus 2302096-0EU VAT reg. FI23020960<\/p>\n","protected":false},"author":1,"featured_media":21,"parent":0,"menu_order":0,"comment_status":"closed","ping_status":"closed","template":"","meta":[],"yoast_head":"<!-- This site is optimized with the Yoast SEO plugin v15.3 - https:\/\/yoast.com\/wordpress\/plugins\/seo\/ -->\n<title>Hinnasto - Pikol\u00e9<\/title>\n<meta name=\"robots\" content=\"index, follow, max-snippet:-1, max-image-preview:large, max-video-preview:-1\" \/>\n<link rel=\"canonical\" href=\"https:\/\/pikole.fi\/index.php\/a-homepage-section\/\" \/>\n<meta property=\"og:locale\" content=\"en_US\" \/>\n<meta property=\"og:type\" content=\"article\" \/>\n<meta property=\"og:title\" content=\"Hinnasto - Pikol\u00e9\" \/>\n<meta property=\"og:description\" content=\"Rentotushoidot 40\u20ac\/h Korva-akupunktio 20\u20ac \/ kerta Korva-akupunktio 150\u20ac \/ 10 kerran sarja Relain -hoito 20\u20ac \/ 20 min Hoitojen hintaan sis\u00e4ltyy alv 24 %Maksutapa k\u00e4teinen tai lasku. Pikol\u00e9 Y-tunnus 2302096-0EU VAT reg. FI23020960\" \/>\n<meta property=\"og:url\" content=\"https:\/\/pikole.fi\/index.php\/a-homepage-section\/\" \/>\n<meta property=\"og:site_name\" content=\"Pikol\u00e9\" \/>\n<meta property=\"article:publisher\" content=\"https:\/\/www.facebook.com\/354365266717\/\" \/>\n<meta property=\"article:modified_time\" content=\"2020-03-14T11:01:18+00:00\" \/>\n<meta property=\"og:image\" content=\"https:\/\/pikole.fi\/wp-content\/uploads\/2020\/02\/Canva-null-scaled.jpg\" \/>\n\t<meta property=\"og:image:width\" content=\"2560\" \/>\n\t<meta property=\"og:image:height\" content=\"1707\" \/>\n<meta name=\"twitter:card\" content=\"summary_large_image\" \/>\n<meta name=\"twitter:label1\" content=\"Written by\">\n\t<meta name=\"twitter:data1\" content=\"Pikole_WP\">\n\t<meta name=\"twitter:label2\" content=\"Est. reading time\">\n\t<meta name=\"twitter:data2\" content=\"0 minutes\">\n<script type=\"application\/ld+json\" class=\"yoast-schema-graph\">{\"@context\":\"https:\/\/schema.org\",\"@graph\":[{\"@type\":\"Organization\",\"@id\":\"https:\/\/pikole.fi\/#organization\",\"name\":\"Pikole\",\"url\":\"https:\/\/pikole.fi\/\",\"sameAs\":[\"https:\/\/www.facebook.com\/354365266717\/\"],\"logo\":{\"@type\":\"ImageObject\",\"@id\":\"https:\/\/pikole.fi\/#logo\",\"inLanguage\":\"en-US\",\"url\":\"https:\/\/pikole.fi\/wp-content\/uploads\/2020\/02\/favicon.ico\",\"width\":16,\"height\":16,\"caption\":\"Pikole\"},\"image\":{\"@id\":\"https:\/\/pikole.fi\/#logo\"}},{\"@type\":\"WebSite\",\"@id\":\"https:\/\/pikole.fi\/#website\",\"url\":\"https:\/\/pikole.fi\/\",\"name\":\"Pikol\\u00e9\",\"description\":\"Hyvinvointipalveluja Joensuussa\",\"publisher\":{\"@id\":\"https:\/\/pikole.fi\/#organization\"},\"potentialAction\":[{\"@type\":\"SearchAction\",\"target\":\"https:\/\/pikole.fi\/?s={search_term_string}\",\"query-input\":\"required name=search_term_string\"}],\"inLanguage\":\"en-US\"},{\"@type\":\"ImageObject\",\"@id\":\"https:\/\/pikole.fi\/index.php\/a-homepage-section\/#primaryimage\",\"inLanguage\":\"en-US\",\"url\":\"https:\/\/pikole.fi\/wp-content\/uploads\/2020\/02\/Canva-null-scaled.jpg\",\"width\":2560,\"height\":1707},{\"@type\":\"WebPage\",\"@id\":\"https:\/\/pikole.fi\/index.php\/a-homepage-section\/#webpage\",\"url\":\"https:\/\/pikole.fi\/index.php\/a-homepage-section\/\",\"name\":\"Hinnasto - Pikol\\u00e9\",\"isPartOf\":{\"@id\":\"https:\/\/pikole.fi\/#website\"},\"primaryImageOfPage\":{\"@id\":\"https:\/\/pikole.fi\/index.php\/a-homepage-section\/#primaryimage\"},\"datePublished\":\"2020-02-12T14:56:22+00:00\",\"dateModified\":\"2020-03-14T11:01:18+00:00\",\"inLanguage\":\"en-US\",\"potentialAction\":[{\"@type\":\"ReadAction\",\"target\":[\"https:\/\/pikole.fi\/index.php\/a-homepage-section\/\"]}]}]}<\/script>\n<!-- \/ Yoast SEO plugin. -->","_links":{"self":[{"href":"https:\/\/pikole.fi\/index.php\/wp-json\/wp\/v2\/pages\/12"}],"collection":[{"href":"https:\/\/pikole.fi\/index.php\/wp-json\/wp\/v2\/pages"}],"about":[{"href":"https:\/\/pikole.fi\/index.php\/wp-json\/wp\/v2\/types\/page"}],"author":[{"embeddable":true,"href":"https:\/\/pikole.fi\/index.php\/wp-json\/wp\/v2\/users\/1"}],"replies":[{"embeddable":true,"href":"https:\/\/pikole.fi\/index.php\/wp-json\/wp\/v2\/comments?post=12"}],"version-history":[{"count":7,"href":"https:\/\/pikole.fi\/index.php\/wp-json\/wp\/v2\/pages\/12\/revisions"}],"predecessor-version":[{"id":108,"href":"https:\/\/pikole.fi\/index.php\/wp-json\/wp\/v2\/pages\/12\/revisions\/108"}],"wp:featuredmedia":[{"embeddable":true,"href":"https:\/\/pikole.fi\/index.php\/wp-json\/wp\/v2\/media\/21"}],"wp:attachment":[{"href":"https:\/\/pikole.fi\/index.php\/wp-json\/wp\/v2\/media?parent=12"}],"curies":[{"name":"wp","href":"https:\/\/api.w.org\/{rel}","templated":true}]}}