{"id":10,"date":"2020-02-12T13:48:11","date_gmt":"2020-02-12T13:48:11","guid":{"rendered":"http:\/\/pikole.fi\/?page_id=10"},"modified":"2020-11-20T11:03:26","modified_gmt":"2020-11-20T09:03:26","slug":"contact","status":"publish","type":"page","link":"https:\/\/pikole.fi\/index.php\/contact\/","title":{"rendered":"Yhteydenotto ja ajanvaraus"},"content":{"rendered":"<p><!--StartFragment--><\/p>\n\n\n<p>Ajanvaraus onnistuu parhaiten t\u00e4m\u00e4n yhteydenottolomakkeen kautta<br> tai numerosta 050 4061441<\/p>\n\n\n<p><!--EndFragment--><\/p>\n\n\n<div role=\"form\" class=\"wpcf7\" id=\"wpcf7-f43-o1\" lang=\"en-US\" dir=\"ltr\">\n<div class=\"screen-reader-response\"><p role=\"status\" aria-live=\"polite\" aria-atomic=\"true\"><\/p> <ul><\/ul><\/div>\n<form action=\"\/index.php\/wp-json\/wp\/v2\/pages\/10#wpcf7-f43-o1\" method=\"post\" class=\"wpcf7-form init\" novalidate=\"novalidate\" data-status=\"init\">\n<div style=\"display: none;\">\n<input type=\"hidden\" name=\"_wpcf7\" value=\"43\" \/>\n<input type=\"hidden\" name=\"_wpcf7_version\" value=\"5.4.1\" \/>\n<input type=\"hidden\" name=\"_wpcf7_locale\" value=\"en_US\" \/>\n<input type=\"hidden\" name=\"_wpcf7_unit_tag\" value=\"wpcf7-f43-o1\" \/>\n<input type=\"hidden\" name=\"_wpcf7_container_post\" value=\"0\" \/>\n<input type=\"hidden\" name=\"_wpcf7_posted_data_hash\" value=\"\" \/>\n<\/div>\n<p><label> Nimesi<br \/>\n    <span class=\"wpcf7-form-control-wrap your-name\"><input type=\"text\" name=\"your-name\" value=\"\" size=\"40\" class=\"wpcf7-form-control wpcf7-text wpcf7-validates-as-required\" aria-required=\"true\" aria-invalid=\"false\" \/><\/span> <\/label><\/p>\n<p><label> S\u00e4hk\u00f6postiosoitteesi<br \/>\n    <span class=\"wpcf7-form-control-wrap your-email\"><input type=\"email\" name=\"your-email\" value=\"\" size=\"40\" class=\"wpcf7-form-control wpcf7-text wpcf7-email wpcf7-validates-as-required wpcf7-validates-as-email\" aria-required=\"true\" aria-invalid=\"false\" \/><\/span> <\/label><\/p>\n<p><label> Viestin aihe<br \/>\n    <span class=\"wpcf7-form-control-wrap your-subject\"><input type=\"text\" name=\"your-subject\" value=\"\" size=\"40\" class=\"wpcf7-form-control wpcf7-text\" aria-invalid=\"false\" \/><\/span> <\/label><\/p>\n<p><label> Viesti<br \/>\n    <span class=\"wpcf7-form-control-wrap your-message\"><textarea name=\"your-message\" cols=\"40\" rows=\"10\" class=\"wpcf7-form-control wpcf7-textarea\" aria-invalid=\"false\"><\/textarea><\/span> <\/label><\/p>\n<p><span class=\"wpcf7-form-control-wrap capital-quiz\"><label><span class=\"wpcf7-quiz-label\">Roskapostin est\u00e4miseksi vastaathan t\u00e4h\u00e4n helppoon laskuteht\u00e4v\u00e4\u00e4n: Paljonko on yksi ynn\u00e4 kaksi?<\/span> <input type=\"text\" name=\"capital-quiz\" size=\"40\" class=\"wpcf7-form-control wpcf7-quiz\" autocomplete=\"off\" aria-required=\"true\" aria-invalid=\"false\" \/><\/label><input type=\"hidden\" name=\"_wpcf7_quiz_answer_capital-quiz\" value=\"7e0fd01c27128044873450e2872c2cf8\" \/><\/span><\/p>\n<p><input type=\"submit\" value=\"Send\" class=\"wpcf7-form-control wpcf7-submit\" \/><\/p>\n<div class=\"wpcf7-response-output\" aria-hidden=\"true\"><\/div><\/form><\/div>\n\n\n\n<p><\/p>\n","protected":false},"excerpt":{"rendered":"<p>Ajanvaraus onnistuu parhaiten t\u00e4m\u00e4n yhteydenottolomakkeen kautta tai numerosta 050 4061441<\/p>\n","protected":false},"author":1,"featured_media":25,"parent":0,"menu_order":0,"comment_status":"closed","ping_status":"closed","template":"","meta":[],"yoast_head":"<!-- This site is optimized with the Yoast SEO plugin v15.3 - https:\/\/yoast.com\/wordpress\/plugins\/seo\/ -->\n<title>Yhteydenotto ja ajanvaraus - Pikol\u00e9<\/title>\n<meta name=\"robots\" content=\"index, follow, max-snippet:-1, max-image-preview:large, max-video-preview:-1\" \/>\n<link rel=\"canonical\" href=\"https:\/\/pikole.fi\/index.php\/contact\/\" \/>\n<meta property=\"og:locale\" content=\"en_US\" \/>\n<meta property=\"og:type\" content=\"article\" \/>\n<meta property=\"og:title\" content=\"Yhteydenotto ja ajanvaraus - Pikol\u00e9\" \/>\n<meta property=\"og:description\" content=\"Ajanvaraus onnistuu parhaiten t\u00e4m\u00e4n yhteydenottolomakkeen kautta tai numerosta 050 4061441\" \/>\n<meta property=\"og:url\" content=\"https:\/\/pikole.fi\/index.php\/contact\/\" \/>\n<meta property=\"og:site_name\" content=\"Pikol\u00e9\" \/>\n<meta property=\"article:publisher\" content=\"https:\/\/www.facebook.com\/354365266717\/\" \/>\n<meta property=\"article:modified_time\" content=\"2020-11-20T09:03:26+00:00\" \/>\n<meta property=\"og:image\" content=\"https:\/\/pikole.fi\/wp-content\/uploads\/2020\/02\/Canva-Green-Plant-scaled.jpg\" \/>\n\t<meta property=\"og:image:width\" content=\"2560\" \/>\n\t<meta property=\"og:image:height\" content=\"1702\" \/>\n<meta name=\"twitter:card\" content=\"summary_large_image\" \/>\n<meta name=\"twitter:label1\" content=\"Written by\">\n\t<meta name=\"twitter:data1\" content=\"Pikole_WP\">\n\t<meta name=\"twitter:label2\" content=\"Est. reading time\">\n\t<meta name=\"twitter:data2\" content=\"0 minutes\">\n<script type=\"application\/ld+json\" class=\"yoast-schema-graph\">{\"@context\":\"https:\/\/schema.org\",\"@graph\":[{\"@type\":\"Organization\",\"@id\":\"https:\/\/pikole.fi\/#organization\",\"name\":\"Pikole\",\"url\":\"https:\/\/pikole.fi\/\",\"sameAs\":[\"https:\/\/www.facebook.com\/354365266717\/\"],\"logo\":{\"@type\":\"ImageObject\",\"@id\":\"https:\/\/pikole.fi\/#logo\",\"inLanguage\":\"en-US\",\"url\":\"https:\/\/pikole.fi\/wp-content\/uploads\/2020\/02\/favicon.ico\",\"width\":16,\"height\":16,\"caption\":\"Pikole\"},\"image\":{\"@id\":\"https:\/\/pikole.fi\/#logo\"}},{\"@type\":\"WebSite\",\"@id\":\"https:\/\/pikole.fi\/#website\",\"url\":\"https:\/\/pikole.fi\/\",\"name\":\"Pikol\\u00e9\",\"description\":\"Hyvinvointipalveluja Joensuussa\",\"publisher\":{\"@id\":\"https:\/\/pikole.fi\/#organization\"},\"potentialAction\":[{\"@type\":\"SearchAction\",\"target\":\"https:\/\/pikole.fi\/?s={search_term_string}\",\"query-input\":\"required name=search_term_string\"}],\"inLanguage\":\"en-US\"},{\"@type\":\"ImageObject\",\"@id\":\"https:\/\/pikole.fi\/index.php\/contact\/#primaryimage\",\"inLanguage\":\"en-US\",\"url\":\"https:\/\/pikole.fi\/wp-content\/uploads\/2020\/02\/Canva-Green-Plant-scaled.jpg\",\"width\":2560,\"height\":1702},{\"@type\":\"WebPage\",\"@id\":\"https:\/\/pikole.fi\/index.php\/contact\/#webpage\",\"url\":\"https:\/\/pikole.fi\/index.php\/contact\/\",\"name\":\"Yhteydenotto ja ajanvaraus - Pikol\\u00e9\",\"isPartOf\":{\"@id\":\"https:\/\/pikole.fi\/#website\"},\"primaryImageOfPage\":{\"@id\":\"https:\/\/pikole.fi\/index.php\/contact\/#primaryimage\"},\"datePublished\":\"2020-02-12T13:48:11+00:00\",\"dateModified\":\"2020-11-20T09:03:26+00:00\",\"inLanguage\":\"en-US\",\"potentialAction\":[{\"@type\":\"ReadAction\",\"target\":[\"https:\/\/pikole.fi\/index.php\/contact\/\"]}]}]}<\/script>\n<!-- \/ Yoast SEO plugin. -->","_links":{"self":[{"href":"https:\/\/pikole.fi\/index.php\/wp-json\/wp\/v2\/pages\/10"}],"collection":[{"href":"https:\/\/pikole.fi\/index.php\/wp-json\/wp\/v2\/pages"}],"about":[{"href":"https:\/\/pikole.fi\/index.php\/wp-json\/wp\/v2\/types\/page"}],"author":[{"embeddable":true,"href":"https:\/\/pikole.fi\/index.php\/wp-json\/wp\/v2\/users\/1"}],"replies":[{"embeddable":true,"href":"https:\/\/pikole.fi\/index.php\/wp-json\/wp\/v2\/comments?post=10"}],"version-history":[{"count":13,"href":"https:\/\/pikole.fi\/index.php\/wp-json\/wp\/v2\/pages\/10\/revisions"}],"predecessor-version":[{"id":115,"href":"https:\/\/pikole.fi\/index.php\/wp-json\/wp\/v2\/pages\/10\/revisions\/115"}],"wp:featuredmedia":[{"embeddable":true,"href":"https:\/\/pikole.fi\/index.php\/wp-json\/wp\/v2\/media\/25"}],"wp:attachment":[{"href":"https:\/\/pikole.fi\/index.php\/wp-json\/wp\/v2\/media?parent=10"}],"curies":[{"name":"wp","href":"https:\/\/api.w.org\/{rel}","templated":true}]}}